{"id":644,"date":"2024-07-22T22:29:10","date_gmt":"2024-07-22T22:29:10","guid":{"rendered":"https:\/\/arsazandfruit.mx\/?page_id=644"},"modified":"2024-08-15T07:02:45","modified_gmt":"2024-08-15T07:02:45","slug":"guacamole","status":"publish","type":"page","link":"https:\/\/arsazandfruit.mx\/en\/guacamole\/","title":{"rendered":"GUACAMOLE"},"content":{"rendered":"","protected":false},"excerpt":{"rendered":"<p>El guacamole destaca por su versatilidad y su capacidad de adaptarse a los gustos de cada quien. La mezcla de aguacate maduro, cebolla, tomate, jalape\u00f1o y cilantro crea una armon\u00eda de sabores que explota en tu boca con cada bocado. Adem\u00e1s, la incorporaci\u00f3n de jugo de lim\u00f3n a\u00f1ade un punto de frescura que realza todos los ingredientes, haciendo de esta salsa un acompa\u00f1amiento ideal para totopos, tacos, carnes y m\u00e1s.<\/p>","protected":false},"author":3,"featured_media":606,"parent":0,"menu_order":0,"comment_status":"closed","ping_status":"closed","template":"","meta":{"content-type":"","_joinchat":[],"footnotes":""},"class_list":["post-644","page","type-page","status-publish","has-post-thumbnail","hentry"],"_links":{"self":[{"href":"https:\/\/arsazandfruit.mx\/en\/wp-json\/wp\/v2\/pages\/644"}],"collection":[{"href":"https:\/\/arsazandfruit.mx\/en\/wp-json\/wp\/v2\/pages"}],"about":[{"href":"https:\/\/arsazandfruit.mx\/en\/wp-json\/wp\/v2\/types\/page"}],"author":[{"embeddable":true,"href":"https:\/\/arsazandfruit.mx\/en\/wp-json\/wp\/v2\/users\/3"}],"replies":[{"embeddable":true,"href":"https:\/\/arsazandfruit.mx\/en\/wp-json\/wp\/v2\/comments?post=644"}],"version-history":[{"count":1,"href":"https:\/\/arsazandfruit.mx\/en\/wp-json\/wp\/v2\/pages\/644\/revisions"}],"predecessor-version":[{"id":645,"href":"https:\/\/arsazandfruit.mx\/en\/wp-json\/wp\/v2\/pages\/644\/revisions\/645"}],"wp:featuredmedia":[{"embeddable":true,"href":"https:\/\/arsazandfruit.mx\/en\/wp-json\/wp\/v2\/media\/606"}],"wp:attachment":[{"href":"https:\/\/arsazandfruit.mx\/en\/wp-json\/wp\/v2\/media?parent=644"}],"curies":[{"name":"wp","href":"https:\/\/api.w.org\/{rel}","templated":true}]}}