{"id":665,"date":"2024-07-23T06:18:59","date_gmt":"2024-07-23T06:18:59","guid":{"rendered":"https:\/\/arsazandfruit.mx\/?page_id=665"},"modified":"2024-08-15T07:46:21","modified_gmt":"2024-08-15T07:46:21","slug":"mousse-de-mango","status":"publish","type":"page","link":"https:\/\/arsazandfruit.mx\/en\/mousse-de-mango\/","title":{"rendered":"MANGO MOUSSE"},"content":{"rendered":"","protected":false},"excerpt":{"rendered":"<p>El mousse de mango es m\u00e1s que un simple postre; es una explosi\u00f3n de frescura y dulzura que alegrar\u00e1 cualquier mesa. \u00a1Atr\u00e9vete a prepararlo y sorprende a tus seres queridos con esta delicia tropical y elegante!<\/p>","protected":false},"author":3,"featured_media":666,"parent":0,"menu_order":0,"comment_status":"closed","ping_status":"closed","template":"","meta":{"content-type":"","_joinchat":[],"footnotes":""},"class_list":["post-665","page","type-page","status-publish","has-post-thumbnail","hentry"],"_links":{"self":[{"href":"https:\/\/arsazandfruit.mx\/en\/wp-json\/wp\/v2\/pages\/665"}],"collection":[{"href":"https:\/\/arsazandfruit.mx\/en\/wp-json\/wp\/v2\/pages"}],"about":[{"href":"https:\/\/arsazandfruit.mx\/en\/wp-json\/wp\/v2\/types\/page"}],"author":[{"embeddable":true,"href":"https:\/\/arsazandfruit.mx\/en\/wp-json\/wp\/v2\/users\/3"}],"replies":[{"embeddable":true,"href":"https:\/\/arsazandfruit.mx\/en\/wp-json\/wp\/v2\/comments?post=665"}],"version-history":[{"count":1,"href":"https:\/\/arsazandfruit.mx\/en\/wp-json\/wp\/v2\/pages\/665\/revisions"}],"predecessor-version":[{"id":667,"href":"https:\/\/arsazandfruit.mx\/en\/wp-json\/wp\/v2\/pages\/665\/revisions\/667"}],"wp:featuredmedia":[{"embeddable":true,"href":"https:\/\/arsazandfruit.mx\/en\/wp-json\/wp\/v2\/media\/666"}],"wp:attachment":[{"href":"https:\/\/arsazandfruit.mx\/en\/wp-json\/wp\/v2\/media?parent=665"}],"curies":[{"name":"wp","href":"https:\/\/api.w.org\/{rel}","templated":true}]}}